{"id":128,"date":"2020-02-17T20:07:22","date_gmt":"2020-02-17T19:07:22","guid":{"rendered":"https:\/\/pape-martin.de\/index.php\/questions\/"},"modified":"2020-02-18T19:48:34","modified_gmt":"2020-02-18T18:48:34","slug":"fragen","status":"publish","type":"page","link":"https:\/\/pape-martin.de\/index.php\/fragen\/","title":{"rendered":"Red&#8217;s mit mir"},"content":{"rendered":"\n<p>Hier bekommen die B\u00fcrgerinnen und B\u00fcrger von Polling, Etting und Oderding die Gelegenheit Fragen an den B\u00fcrgermeisterkandiaten Martin Pape, auch anonym zu stellen.<\/p>\n\n\n\n<p><strong><em>Hinweis:<\/em><\/strong><\/p>\n\n\n\n<p>Fragen mit ausf\u00e4lligen Bemerkungen, Schimpfw\u00f6rtern oder rassistischen Inhalten werden gel\u00f6scht und nicht ver\u00f6ffentlicht.<br>Weitere Informationen entnehmen Sie bitte unserer <a href=\"https:\/\/pape-martin.de\/index.php\/datenschutz\/\">Datenschutzerkl\u00e4rung<\/a>.<\/p>\n\n\n<div id=\"anspress\" class=\"anspress\">\n\n<div class=\"ap-row\">\n\t<div id=\"ap-lists\" class=\"ap-col-12\">\n\t\t\t\n<div class=\"ap-list-head clearfix\">\n\t<div class=\"pull-right\">\n\t\t<a class=\"ap-btn-ask\" href=\"https:\/\/pape-martin.de\/index.php\/fragen\/ask\/\">Ask question<\/a>\t<\/div>\n\n\t\n<form id=\"ap-search-form\" class=\"ap-search-form\" action=\"https:\/\/pape-martin.de\/\">\n\t<button class=\"ap-btn ap-search-btn\" type=\"submit\">Search<\/button>\n\t<div class=\"ap-search-inner no-overflow\">\n\t\t<input name=\"s\" type=\"text\" class=\"ap-search-input ap-form-input\" placeholder=\"Search questions...\" value=\"\" \/>\n\t\t<input type=\"hidden\" name=\"post_type\" value=\"question\" \/>\n\t<\/div>\n<\/form>\n\t<form id=\"ap-filters\" class=\"ap-filters clearfix\" method=\"GET\"><div class=\"ap-dropdown ap-filter filter-order_by\"><a class=\"ap-dropdown-toggle ap-filter-toggle\" href=\"#\" ap-filter apquery=\"{&quot;__nonce&quot;:&quot;e85c806009&quot;,&quot;filter&quot;:&quot;order_by&quot;}\">Order By: <span class=\"ap-filter-active\">Active<\/span><\/a><\/div><div class=\"ap-dropdown ap-filter filter-category\"><a class=\"ap-dropdown-toggle ap-filter-toggle\" href=\"#\" ap-filter apquery=\"{&quot;__nonce&quot;:&quot;9fed62bac6&quot;,&quot;filter&quot;:&quot;category&quot;}\">Category<\/a><\/div><button id=\"ap-filter-reset\" type=\"submit\" name=\"reset-filter\" title=\"Reset sorting and filter\"><i class=\"apicon-x\"><\/i><span>Clear Filter<\/span><\/button><input type=\"hidden\" value=\"active\" name=\"order_by\" \/><\/form><\/div>\n\n\n\n\n\t<div class=\"ap-questions\">\n\t\t<div id=\"question-201\" class=\"ap-questions-item clearfix post-201 question type-question status-publish answer-count-1\" itemtype=\"https:\/\/schema.org\/Question\" itemscope=\"\">\n\t<div class=\"ap-questions-inner\">\n\t\t<div class=\"ap-avatar ap-pull-left\">\n\t\t\t<a href=\"https:\/\/pape-martin.de\/index.php\/author\/bauer-sepp-bsgooglemail-com\/\">\n\t\t\t\t<img alt='' src='https:\/\/secure.gravatar.com\/avatar\/ac7e01d747acbbee841b3aba9519597240fb5998285fe8fde2b3c285ad23c8f4?s=45&#038;d=mm&#038;r=g' srcset='https:\/\/secure.gravatar.com\/avatar\/ac7e01d747acbbee841b3aba9519597240fb5998285fe8fde2b3c285ad23c8f4?s=90&#038;d=mm&#038;r=g 2x' class='avatar avatar-45 photo' height='45' width='45' \/>\t\t\t<\/a>\n\t\t<\/div>\n\t\t<div class=\"ap-list-counts\">\n\t\t\t<!-- Votes count -->\n\t\t\t\n\t\t\t<!-- Answer Count -->\n\t\t\t<a class=\"ap-questions-count ap-questions-acount\" href=\"https:\/\/pape-martin.de\/fragen\/question\/anstehende-projekte\/#answers\">\n\t\t\t\t<span itemprop=\"answerCount\">1<\/span>\n\t\t\t\tAns\t\t\t<\/a>\n\t\t<\/div>\n\n\t\t<div class=\"ap-questions-summery\">\n\t\t\t<span class=\"ap-questions-title\" itemprop=\"name\">\n\t\t\t\t\t\t\t\t<a class=\"ap-questions-hyperlink\" itemprop=\"url\" href=\"https:\/\/pape-martin.de\/fragen\/question\/anstehende-projekte\/\" rel=\"bookmark\" title=\"Anstehende Projekte\">Anstehende Projekte<\/a>\n\t\t\t<\/span>\n\t\t\t<div class=\"ap-display-question-meta\">\n\t\t\t\t<span class='ap-display-meta-item views'><i class=\"apicon-eye\"><\/i><i>13.54K views<\/i><\/span><span class='ap-display-meta-item history'><i class=\"apicon-pulse\"><\/i><span class=\"ap-post-history\"><a href=\"https:\/\/pape-martin.de\/index.php\/author\/martin-pape\/\" itemprop=\"author\" itemscope itemtype=\"http:\/\/schema.org\/Person\"><span itemprop=\"name\">Martin Pape<\/span><\/a> Changed status to publish <a href=\"https:\/\/pape-martin.de\/?ap_page=shortlink&#038;ap_q=201\"><time itemprop=\"dateModified\" datetime=\"2020-03-08T21:04:25+01:00\">8. M\u00e4rz 2020<\/time><\/a><\/span><\/span>\t\t\t<\/div>\n\t\t<\/div>\n\t<\/div>\n<\/div><!-- list item -->\n<div id=\"question-181\" class=\"ap-questions-item clearfix post-181 question type-question status-publish answer-count-1\" itemtype=\"https:\/\/schema.org\/Question\" itemscope=\"\">\n\t<div class=\"ap-questions-inner\">\n\t\t<div class=\"ap-avatar ap-pull-left\">\n\t\t\t<a href=\"#\/user\/anonymous\/\">\n\t\t\t\t<img alt='' src='https:\/\/secure.gravatar.com\/avatar\/00a09c8d04b295dad43c5fc92d8437dcefd5a2def5c4a9f71c2f5732386d33ba?s=45&#038;d=mm&#038;r=g' srcset='https:\/\/secure.gravatar.com\/avatar\/00a09c8d04b295dad43c5fc92d8437dcefd5a2def5c4a9f71c2f5732386d33ba?s=90&#038;d=mm&#038;r=g 2x' class='avatar avatar-45 photo' height='45' width='45' \/>\t\t\t<\/a>\n\t\t<\/div>\n\t\t<div class=\"ap-list-counts\">\n\t\t\t<!-- Votes count -->\n\t\t\t\n\t\t\t<!-- Answer Count -->\n\t\t\t<a class=\"ap-questions-count ap-questions-acount\" href=\"https:\/\/pape-martin.de\/fragen\/question\/kindergarten\/#answers\">\n\t\t\t\t<span itemprop=\"answerCount\">1<\/span>\n\t\t\t\tAns\t\t\t<\/a>\n\t\t<\/div>\n\n\t\t<div class=\"ap-questions-summery\">\n\t\t\t<span class=\"ap-questions-title\" itemprop=\"name\">\n\t\t\t\t\t\t\t\t<a class=\"ap-questions-hyperlink\" itemprop=\"url\" href=\"https:\/\/pape-martin.de\/fragen\/question\/kindergarten\/\" rel=\"bookmark\" title=\"Kindergarten\">Kindergarten<\/a>\n\t\t\t<\/span>\n\t\t\t<div class=\"ap-display-question-meta\">\n\t\t\t\t<span class='ap-display-meta-item views'><i class=\"apicon-eye\"><\/i><i>13.34K views<\/i><\/span><span class='ap-display-meta-item history'><i class=\"apicon-pulse\"><\/i><span class=\"ap-post-history\"><a href=\"https:\/\/pape-martin.de\/index.php\/author\/martin-pape\/\" itemprop=\"author\" itemscope itemtype=\"http:\/\/schema.org\/Person\"><span itemprop=\"name\">Martin Pape<\/span><\/a> Changed status to publish <a href=\"https:\/\/pape-martin.de\/?ap_page=shortlink&#038;ap_q=181\"><time itemprop=\"dateModified\" datetime=\"2020-02-20T22:42:20+01:00\">20. Februar 2020<\/time><\/a><\/span><\/span>\t\t\t<\/div>\n\t\t<\/div>\n\t<\/div>\n<\/div><!-- list item -->\n<div id=\"question-174\" class=\"ap-questions-item clearfix post-174 question type-question status-publish answer-count-1\" itemtype=\"https:\/\/schema.org\/Question\" itemscope=\"\">\n\t<div class=\"ap-questions-inner\">\n\t\t<div class=\"ap-avatar ap-pull-left\">\n\t\t\t<a href=\"#\/user\/anonymous\/\">\n\t\t\t\t<img alt='' src='https:\/\/secure.gravatar.com\/avatar\/3bcae098e7a5462ad8916862c57d5ac1acf38efd7e3be203776179b581dc7288?s=45&#038;d=mm&#038;r=g' srcset='https:\/\/secure.gravatar.com\/avatar\/3bcae098e7a5462ad8916862c57d5ac1acf38efd7e3be203776179b581dc7288?s=90&#038;d=mm&#038;r=g 2x' class='avatar avatar-45 photo' height='45' width='45' \/>\t\t\t<\/a>\n\t\t<\/div>\n\t\t<div class=\"ap-list-counts\">\n\t\t\t<!-- Votes count -->\n\t\t\t\n\t\t\t<!-- Answer Count -->\n\t\t\t<a class=\"ap-questions-count ap-questions-acount\" href=\"https:\/\/pape-martin.de\/fragen\/question\/warum-willst-du-buergermeister-werden\/#answers\">\n\t\t\t\t<span itemprop=\"answerCount\">1<\/span>\n\t\t\t\tAns\t\t\t<\/a>\n\t\t<\/div>\n\n\t\t<div class=\"ap-questions-summery\">\n\t\t\t<span class=\"ap-questions-title\" itemprop=\"name\">\n\t\t\t\t\t\t\t\t<a class=\"ap-questions-hyperlink\" itemprop=\"url\" href=\"https:\/\/pape-martin.de\/fragen\/question\/warum-willst-du-buergermeister-werden\/\" rel=\"bookmark\" title=\"Warum willst du B\u00fcrgermeister werden?\">Warum willst du B\u00fcrgermeister werden?<\/a>\n\t\t\t<\/span>\n\t\t\t<div class=\"ap-display-question-meta\">\n\t\t\t\t<span class='ap-display-meta-item views'><i class=\"apicon-eye\"><\/i><i>12.81K views<\/i><\/span><span class='ap-display-meta-item history'><i class=\"apicon-pulse\"><\/i><span class=\"ap-post-history\"><a href=\"https:\/\/pape-martin.de\/index.php\/author\/martin-pape\/\" itemprop=\"author\" itemscope itemtype=\"http:\/\/schema.org\/Person\"><span itemprop=\"name\">Martin Pape<\/span><\/a> Changed status to publish <a href=\"https:\/\/pape-martin.de\/?ap_page=shortlink&#038;ap_q=174\"><time itemprop=\"dateModified\" datetime=\"2020-02-18T18:21:24+01:00\">18. Februar 2020<\/time><\/a><\/span><\/span>\t\t\t<\/div>\n\t\t<\/div>\n\t<\/div>\n<\/div><!-- list item -->\n<div id=\"question-169\" class=\"ap-questions-item clearfix post-169 question type-question status-publish answer-count-1\" itemtype=\"https:\/\/schema.org\/Question\" itemscope=\"\">\n\t<div class=\"ap-questions-inner\">\n\t\t<div class=\"ap-avatar ap-pull-left\">\n\t\t\t<a href=\"#\/user\/anonymous\/\">\n\t\t\t\t<img alt='' src='https:\/\/secure.gravatar.com\/avatar\/384f85ed10516545d9660ab80aa2fb09dfce85bfc98f34bd5277b199f368e1f9?s=45&#038;d=mm&#038;r=g' srcset='https:\/\/secure.gravatar.com\/avatar\/384f85ed10516545d9660ab80aa2fb09dfce85bfc98f34bd5277b199f368e1f9?s=90&#038;d=mm&#038;r=g 2x' class='avatar avatar-45 photo' height='45' width='45' \/>\t\t\t<\/a>\n\t\t<\/div>\n\t\t<div class=\"ap-list-counts\">\n\t\t\t<!-- Votes count -->\n\t\t\t\n\t\t\t<!-- Answer Count -->\n\t\t\t<a class=\"ap-questions-count ap-questions-acount\" href=\"https:\/\/pape-martin.de\/fragen\/question\/klimaschutz-in-peo\/#answers\">\n\t\t\t\t<span itemprop=\"answerCount\">1<\/span>\n\t\t\t\tAns\t\t\t<\/a>\n\t\t<\/div>\n\n\t\t<div class=\"ap-questions-summery\">\n\t\t\t<span class=\"ap-questions-title\" itemprop=\"name\">\n\t\t\t\t\t\t\t\t<a class=\"ap-questions-hyperlink\" itemprop=\"url\" href=\"https:\/\/pape-martin.de\/fragen\/question\/klimaschutz-in-peo\/\" rel=\"bookmark\" title=\"Klimaschutz in PEO?\">Klimaschutz in PEO?<\/a>\n\t\t\t<\/span>\n\t\t\t<div class=\"ap-display-question-meta\">\n\t\t\t\t<span class='ap-display-meta-item views'><i class=\"apicon-eye\"><\/i><i>14.79K views<\/i><\/span><span class='ap-display-meta-item history'><i class=\"apicon-pulse\"><\/i><span class=\"ap-post-history\"><a href=\"https:\/\/pape-martin.de\/index.php\/author\/admin\/\" itemprop=\"author\" itemscope itemtype=\"http:\/\/schema.org\/Person\"><span itemprop=\"name\">admin<\/span><\/a> Changed status to publish <a href=\"https:\/\/pape-martin.de\/?ap_page=shortlink&#038;ap_q=169\"><time itemprop=\"dateModified\" datetime=\"2020-02-18T18:14:36+01:00\">18. Februar 2020<\/time><\/a><\/span><\/span>\t\t\t<\/div>\n\t\t<\/div>\n\t<\/div>\n<\/div><!-- list item -->\n\t<\/div>\n\t\n\t<\/div>\n\n\t\n<\/div>\n<\/div>\n\n\n<p><\/p>\n","protected":false},"excerpt":{"rendered":"<p>Hier bekommen die B\u00fcrgerinnen und B\u00fcrger von Polling, Etting und Oderding die Gelegenheit Fragen an den B\u00fcrgermeisterkandiaten Martin Pape, auch anonym zu stellen. Hinweis: Fragen mit ausf\u00e4lligen Bemerkungen, Schimpfw\u00f6rtern oder rassistischen Inhalten werden gel\u00f6scht und nicht ver\u00f6ffentlicht.Weitere Informationen entnehmen Sie bitte unserer Datenschutzerkl\u00e4rung.<\/p>\n","protected":false},"author":1,"featured_media":0,"parent":0,"menu_order":0,"comment_status":"closed","ping_status":"closed","template":"","meta":{"footnotes":""},"class_list":{"0":"post-128","1":"page","2":"type-page","3":"status-publish","5":"answer-count-1"},"_links":{"self":[{"href":"https:\/\/pape-martin.de\/index.php\/wp-json\/wp\/v2\/pages\/128","targetHints":{"allow":["GET"]}}],"collection":[{"href":"https:\/\/pape-martin.de\/index.php\/wp-json\/wp\/v2\/pages"}],"about":[{"href":"https:\/\/pape-martin.de\/index.php\/wp-json\/wp\/v2\/types\/page"}],"author":[{"embeddable":true,"href":"https:\/\/pape-martin.de\/index.php\/wp-json\/wp\/v2\/users\/1"}],"replies":[{"embeddable":true,"href":"https:\/\/pape-martin.de\/index.php\/wp-json\/wp\/v2\/comments?post=128"}],"version-history":[{"count":5,"href":"https:\/\/pape-martin.de\/index.php\/wp-json\/wp\/v2\/pages\/128\/revisions"}],"predecessor-version":[{"id":180,"href":"https:\/\/pape-martin.de\/index.php\/wp-json\/wp\/v2\/pages\/128\/revisions\/180"}],"wp:attachment":[{"href":"https:\/\/pape-martin.de\/index.php\/wp-json\/wp\/v2\/media?parent=128"}],"curies":[{"name":"wp","href":"https:\/\/api.w.org\/{rel}","templated":true}]}}